{"id":9,"date":"2019-03-12T13:02:15","date_gmt":"2019-03-12T12:02:15","guid":{"rendered":"http:\/\/paysdumat.org\/?page_id=9"},"modified":"2022-01-24T12:13:30","modified_gmt":"2022-01-24T11:13:30","slug":"constitution","status":"publish","type":"page","link":"https:\/\/paysdumat.org\/index.php\/constitution\/","title":{"rendered":"Constitution"},"content":{"rendered":"\n<div class=\"wp-block-group is-layout-flow\"><div class=\"wp-block-group__inner-container\">\n<div class=\"wp-block-group is-layout-flow\"><div class=\"wp-block-group__inner-container\">\n<p class=\"has-text-align-center\">. . .<\/p>\n<\/div><\/div>\n<\/div><\/div>\n\n\n\n<p class=\"has-text-align-center\">1. Le pays du mat est noir, rouge et chaotique<\/p>\n\n\n\n<p class=\"has-text-align-center\">2. Le pays du mat est un \u00e9tat sorcier<\/p>\n\n\n\n<p class=\"has-text-align-center\">3. Le pays du mat tire son existence de la magie<\/p>\n\n\n\n<p class=\"has-text-align-center\">4. Le pays du mat a pour symbole le marcheur au b\u00e2ton<\/p>\n\n\n\n<p class=\"has-text-align-center\">5. Le pays du mat n\u2019a pas de surface<\/p>\n\n\n\n<p class=\"has-text-align-center\">6. Le pays du mat \u00e9tend et d\u00e9cro\u00eet selon sa force<\/p>\n\n\n\n<p class=\"has-text-align-center\">7. Le pays du mat se meut par l\u2019espoir et la d\u00e9sesp\u00e9rance<\/p>\n\n\n\n<p class=\"has-text-align-center\">8. Le pays du mat n\u2019a pas de lois<\/p>\n\n\n\n<p class=\"has-text-align-center\">9. Le pays du mat a des Conduites<\/p>\n\n\n\n<p class=\"has-text-align-center\">10. Le pays du mat est hi\u00e9rarchis\u00e9 par la Confusion<\/p>\n\n\n\n<p class=\"has-text-align-center\">11. Le pays du mat se propage par les ondes<\/p>\n\n\n\n<p class=\"has-text-align-center\">12. Le pays du mat est un ensemble d\u2019histoires et de faits<\/p>\n\n\n\n<p class=\"has-text-align-center\">13. Le pays du mat a des citoyens libres<\/p>\n\n\n\n<p class=\"has-text-align-center\">14. Le pays du mat a des citoyens relais<\/p>\n\n\n\n<p class=\"has-text-align-center\">15. Le pays du mat a des citoyens fronti\u00e8re<\/p>\n\n\n\n<p class=\"has-text-align-center\">16. Le pays du mat est noir, rouge et d\u00e9terministe<\/p>\n\n\n\n<p class=\"has-text-align-center\">. . .<\/p>\n\n\n\n<div class=\"wp-block-group is-layout-flow\"><div class=\"wp-block-group__inner-container\">\n<p class=\"has-text-align-center\"><em>\u00ab&nbsp;Quand deux choses ne vont pas ensemble, croire \u00e0 toutes les deux, et avec l\u2019id\u00e9e que quelque part,<br> il en existe une troisi\u00e8me, occulte, qui les unit, c\u2019est \u00e7a la cr\u00e9dulit\u00e9. L\u2019incr\u00e9dulit\u00e9 n\u2019exclut pas la curiosit\u00e9, elle la conforte.&nbsp;\u00bb<\/em> <\/p>\n\n\n\n<p class=\"has-text-align-center has-small-font-size\">Umberto Eco, Le Pendule de Foucault<\/p>\n<\/div><\/div>\n","protected":false},"excerpt":{"rendered":"<p>. . . 1. Le pays du mat est noir, rouge et chaotique 2. Le pays du mat est un \u00e9tat sorcier 3. Le pays du mat tire son existence de la magie 4. Le pays du mat a pour symbole le marcheur au b\u00e2ton 5. Le pays du mat n\u2019a pas de surface 6. [&hellip;]<\/p>\n","protected":false},"author":1,"featured_media":0,"parent":0,"menu_order":0,"comment_status":"closed","ping_status":"closed","template":"","meta":{"ocean_post_layout":"full-width","ocean_both_sidebars_style":"","ocean_both_sidebars_content_width":0,"ocean_both_sidebars_sidebars_width":0,"ocean_sidebar":"0","ocean_second_sidebar":"0","ocean_disable_margins":"enable","ocean_add_body_class":"","ocean_shortcode_before_top_bar":"","ocean_shortcode_after_top_bar":"","ocean_shortcode_before_header":"","ocean_shortcode_after_header":"","ocean_has_shortcode":"","ocean_shortcode_after_title":"","ocean_shortcode_before_footer_widgets":"","ocean_shortcode_after_footer_widgets":"","ocean_shortcode_before_footer_bottom":"","ocean_shortcode_after_footer_bottom":"","ocean_display_top_bar":"default","ocean_display_header":"default","ocean_header_style":"","ocean_center_header_left_menu":"0","ocean_custom_header_template":"0","ocean_custom_logo":0,"ocean_custom_retina_logo":0,"ocean_custom_logo_max_width":0,"ocean_custom_logo_tablet_max_width":0,"ocean_custom_logo_mobile_max_width":0,"ocean_custom_logo_max_height":0,"ocean_custom_logo_tablet_max_height":0,"ocean_custom_logo_mobile_max_height":0,"ocean_header_custom_menu":"0","ocean_menu_typo_font_family":"0","ocean_menu_typo_font_subset":"","ocean_menu_typo_font_size":0,"ocean_menu_typo_font_size_tablet":0,"ocean_menu_typo_font_size_mobile":0,"ocean_menu_typo_font_size_unit":"px","ocean_menu_typo_font_weight":"","ocean_menu_typo_font_weight_tablet":"","ocean_menu_typo_font_weight_mobile":"","ocean_menu_typo_transform":"","ocean_menu_typo_transform_tablet":"","ocean_menu_typo_transform_mobile":"","ocean_menu_typo_line_height":0,"ocean_menu_typo_line_height_tablet":0,"ocean_menu_typo_line_height_mobile":0,"ocean_menu_typo_line_height_unit":"","ocean_menu_typo_spacing":0,"ocean_menu_typo_spacing_tablet":0,"ocean_menu_typo_spacing_mobile":0,"ocean_menu_typo_spacing_unit":"","ocean_menu_link_color":"","ocean_menu_link_color_hover":"","ocean_menu_link_color_active":"","ocean_menu_link_background":"","ocean_menu_link_hover_background":"","ocean_menu_link_active_background":"","ocean_menu_social_links_bg":"","ocean_menu_social_hover_links_bg":"","ocean_menu_social_links_color":"","ocean_menu_social_hover_links_color":"","ocean_disable_title":"default","ocean_disable_heading":"default","ocean_post_title":"","ocean_post_subheading":"","ocean_post_title_style":"","ocean_post_title_background_color":"","ocean_post_title_background":0,"ocean_post_title_bg_image_position":"","ocean_post_title_bg_image_attachment":"","ocean_post_title_bg_image_repeat":"","ocean_post_title_bg_image_size":"","ocean_post_title_height":0,"ocean_post_title_bg_overlay":0.5,"ocean_post_title_bg_overlay_color":"","ocean_disable_breadcrumbs":"default","ocean_breadcrumbs_color":"","ocean_breadcrumbs_separator_color":"","ocean_breadcrumbs_links_color":"","ocean_breadcrumbs_links_hover_color":"","ocean_display_footer_widgets":"default","ocean_display_footer_bottom":"default","ocean_custom_footer_template":"0"},"_links":{"self":[{"href":"https:\/\/paysdumat.org\/index.php\/wp-json\/wp\/v2\/pages\/9"}],"collection":[{"href":"https:\/\/paysdumat.org\/index.php\/wp-json\/wp\/v2\/pages"}],"about":[{"href":"https:\/\/paysdumat.org\/index.php\/wp-json\/wp\/v2\/types\/page"}],"author":[{"embeddable":true,"href":"https:\/\/paysdumat.org\/index.php\/wp-json\/wp\/v2\/users\/1"}],"replies":[{"embeddable":true,"href":"https:\/\/paysdumat.org\/index.php\/wp-json\/wp\/v2\/comments?post=9"}],"version-history":[{"count":16,"href":"https:\/\/paysdumat.org\/index.php\/wp-json\/wp\/v2\/pages\/9\/revisions"}],"predecessor-version":[{"id":394,"href":"https:\/\/paysdumat.org\/index.php\/wp-json\/wp\/v2\/pages\/9\/revisions\/394"}],"wp:attachment":[{"href":"https:\/\/paysdumat.org\/index.php\/wp-json\/wp\/v2\/media?parent=9"}],"curies":[{"name":"wp","href":"https:\/\/api.w.org\/{rel}","templated":true}]}}