{"id":338,"date":"2019-06-28T11:29:38","date_gmt":"2019-06-28T09:29:38","guid":{"rendered":"http:\/\/paysdumat.org\/?page_id=338"},"modified":"2019-06-28T11:32:44","modified_gmt":"2019-06-28T09:32:44","slug":"calendrier","status":"publish","type":"page","link":"https:\/\/paysdumat.org\/index.php\/calendrier\/","title":{"rendered":"Calendrier"},"content":{"rendered":"\n<p>Le D\u00e9but du Calendrier Warpien est advenu le 6 OCTOBRE 2018 du calendrier gr\u00e9gorien soit le Jour 0 du premier Cycle<br> Un cycle fait 888 jours<\/p>\n\n\n\n<p>Plusieurs c\u00e9l\u00e9brations \u00e9maillent le cycle :<\/p>\n\n\n\n<p>LES F\u00caTES MAJEURES<br> Jour 235 :<br> F\u00eate du vagabond ou jour de l\u2019action, jour de l\u2019effet<br> Lire 2 heures, \u00eatre devant un feu 3 heures et marcher 5 heures<br> Jour 532 :<br> F\u00eate de la salamandre ou jour du langage, jour du lien<br> Lire 5 heures, \u00eatre devant un feu 3 heures et marcher 2 heures<br> Jour 666 :<br> F\u00eate du D\u00e9mon ou jour du souvenir, jour de la cause<br> Veill\u00e9e (nuit blanche le jour d\u2019avant)<br> Jour 888 :<br> F\u00eate du Chaos ou jour ou \u00ab&nbsp;\u00e7a r\u2019commence, jour de la sensibilit\u00e9s aux conditions initiales<\/p>\n\n\n\n<p>LES F\u00caTES MINEURES<br> Jour 299 : <br> C\u00e9l\u00e9bration des Cordes<br> Ou on essaye de comprendre<br> Jour 314 :<br> C\u00e9l\u00e9bration des Boucles<br> Ou on se dit, que finalement, c\u2019est peut \u00eatre pas \u00e7a<\/p>\n\n\n\n<p>Les dates des f\u00eates mineures peuvent \u00eatre modifi\u00e9e en fonction de l&rsquo;avanc\u00e9e des sciences.<\/p>\n\n\n\n<p>D\u2019autres f\u00eates interviennent de mani\u00e8re non-cyclique :<\/p>\n\n\n\n<p>GRANDS EVENEMENTS<br> Jour 7104 : <br> Grand symposium<br> Ou on r\u00e9fl\u00e9chis un peu \u00e0 la suite des \u00e9v\u00e9nements<br> Jour 8888 :<br> Av\u00e8nement du Chaos \/ Fin du calendrier<br> D\u00e9part des citoyens vers le monde des id\u00e9es \/ une plan\u00e8te extraterrestre \/ la singularit\u00e9 \/ la mort \/ l\u2019ultime aventure<br> A partir de l\u00e0, faire des calendriers ne sera plus une priorit\u00e9<\/p>\n\n\n\n<p>NON-F\u00caTE<br> Jour 1618 :<br> Anti-c\u00e9l\u00e9bration de la Triste Norme<\/p>\n","protected":false},"excerpt":{"rendered":"<p>Le D\u00e9but du Calendrier Warpien est advenu le 6 OCTOBRE 2018 du calendrier gr\u00e9gorien soit le Jour 0 du premier Cycle Un cycle fait 888 jours Plusieurs c\u00e9l\u00e9brations \u00e9maillent le cycle : LES F\u00caTES MAJEURES Jour 235 : F\u00eate du vagabond ou jour de l\u2019action, jour de l\u2019effet Lire 2 heures, \u00eatre devant un feu [&hellip;]<\/p>\n","protected":false},"author":1,"featured_media":0,"parent":0,"menu_order":0,"comment_status":"closed","ping_status":"closed","template":"","meta":{"ocean_post_layout":"full-width","ocean_both_sidebars_style":"","ocean_both_sidebars_content_width":0,"ocean_both_sidebars_sidebars_width":0,"ocean_sidebar":"0","ocean_second_sidebar":"0","ocean_disable_margins":"enable","ocean_add_body_class":"","ocean_shortcode_before_top_bar":"","ocean_shortcode_after_top_bar":"","ocean_shortcode_before_header":"","ocean_shortcode_after_header":"","ocean_has_shortcode":"","ocean_shortcode_after_title":"","ocean_shortcode_before_footer_widgets":"","ocean_shortcode_after_footer_widgets":"","ocean_shortcode_before_footer_bottom":"","ocean_shortcode_after_footer_bottom":"","ocean_display_top_bar":"default","ocean_display_header":"default","ocean_header_style":"","ocean_center_header_left_menu":"0","ocean_custom_header_template":"0","ocean_custom_logo":0,"ocean_custom_retina_logo":0,"ocean_custom_logo_max_width":0,"ocean_custom_logo_tablet_max_width":0,"ocean_custom_logo_mobile_max_width":0,"ocean_custom_logo_max_height":0,"ocean_custom_logo_tablet_max_height":0,"ocean_custom_logo_mobile_max_height":0,"ocean_header_custom_menu":"0","ocean_menu_typo_font_family":"0","ocean_menu_typo_font_subset":"","ocean_menu_typo_font_size":0,"ocean_menu_typo_font_size_tablet":0,"ocean_menu_typo_font_size_mobile":0,"ocean_menu_typo_font_size_unit":"px","ocean_menu_typo_font_weight":"","ocean_menu_typo_font_weight_tablet":"","ocean_menu_typo_font_weight_mobile":"","ocean_menu_typo_transform":"","ocean_menu_typo_transform_tablet":"","ocean_menu_typo_transform_mobile":"","ocean_menu_typo_line_height":0,"ocean_menu_typo_line_height_tablet":0,"ocean_menu_typo_line_height_mobile":0,"ocean_menu_typo_line_height_unit":"","ocean_menu_typo_spacing":0,"ocean_menu_typo_spacing_tablet":0,"ocean_menu_typo_spacing_mobile":0,"ocean_menu_typo_spacing_unit":"","ocean_menu_link_color":"","ocean_menu_link_color_hover":"","ocean_menu_link_color_active":"","ocean_menu_link_background":"","ocean_menu_link_hover_background":"","ocean_menu_link_active_background":"","ocean_menu_social_links_bg":"","ocean_menu_social_hover_links_bg":"","ocean_menu_social_links_color":"","ocean_menu_social_hover_links_color":"","ocean_disable_title":"default","ocean_disable_heading":"default","ocean_post_title":"","ocean_post_subheading":"","ocean_post_title_style":"","ocean_post_title_background_color":"","ocean_post_title_background":0,"ocean_post_title_bg_image_position":"","ocean_post_title_bg_image_attachment":"","ocean_post_title_bg_image_repeat":"","ocean_post_title_bg_image_size":"","ocean_post_title_height":0,"ocean_post_title_bg_overlay":0.5,"ocean_post_title_bg_overlay_color":"","ocean_disable_breadcrumbs":"default","ocean_breadcrumbs_color":"","ocean_breadcrumbs_separator_color":"","ocean_breadcrumbs_links_color":"","ocean_breadcrumbs_links_hover_color":"","ocean_display_footer_widgets":"default","ocean_display_footer_bottom":"default","ocean_custom_footer_template":"0"},"_links":{"self":[{"href":"https:\/\/paysdumat.org\/index.php\/wp-json\/wp\/v2\/pages\/338"}],"collection":[{"href":"https:\/\/paysdumat.org\/index.php\/wp-json\/wp\/v2\/pages"}],"about":[{"href":"https:\/\/paysdumat.org\/index.php\/wp-json\/wp\/v2\/types\/page"}],"author":[{"embeddable":true,"href":"https:\/\/paysdumat.org\/index.php\/wp-json\/wp\/v2\/users\/1"}],"replies":[{"embeddable":true,"href":"https:\/\/paysdumat.org\/index.php\/wp-json\/wp\/v2\/comments?post=338"}],"version-history":[{"count":2,"href":"https:\/\/paysdumat.org\/index.php\/wp-json\/wp\/v2\/pages\/338\/revisions"}],"predecessor-version":[{"id":341,"href":"https:\/\/paysdumat.org\/index.php\/wp-json\/wp\/v2\/pages\/338\/revisions\/341"}],"wp:attachment":[{"href":"https:\/\/paysdumat.org\/index.php\/wp-json\/wp\/v2\/media?parent=338"}],"curies":[{"name":"wp","href":"https:\/\/api.w.org\/{rel}","templated":true}]}}