{"id":326,"date":"2019-06-16T13:48:59","date_gmt":"2019-06-16T11:48:59","guid":{"rendered":"http:\/\/paysdumat.org\/?page_id=326"},"modified":"2023-05-26T14:40:54","modified_gmt":"2023-05-26T12:40:54","slug":"affinites","status":"publish","type":"page","link":"https:\/\/paysdumat.org\/index.php\/affinites\/","title":{"rendered":"Affinit\u00e9s"},"content":{"rendered":"\n<p>Ici se tiendront les recommandations du Warp.<\/p>\n\n\n\n<p>GROUPES<br>Ruo Tan : <a href=\"https:\/\/wvsorcerer.bandcamp.com\/\">Bandcamp<\/a> \/\/ <a href=\"https:\/\/www.facebook.com\/ruo.tan\">Facebook<\/a><br>Camecrude : <a href=\"https:\/\/www.youtube.com\/watch?v=aJ12gftPDeg\">Youtube<\/a> \/\/ <a href=\"https:\/\/www.youtube.com\/watch?v=1ih9tByqT_g\">Youtube<\/a><br>Sultane des infra mondes &amp; Archishaman : <a href=\"https:\/\/soundcloud.com\/shaman3000etmissviver\">Bandcamp<\/a><\/p>\n\n\n\n<p>LABELS <br>Wv Sorcerer : <a href=\"https:\/\/wvsorcerer.bandcamp.com\/\">Bandcamp<\/a> \/\/ <a href=\"https:\/\/www.facebook.com\/wvsorcerer\">Facebook<\/a><br>Cioran Records : <a href=\"https:\/\/cioranrecords.bandcamp.com\/\">Bandcamp<\/a> \/\/ <a href=\"https:\/\/www.facebook.com\/cioranrecs\/\">Facebook<\/a><\/p>\n\n\n\n<p>ARTISTES<br><a href=\"http:\/\/base.ddab.org\/simon-herve\">Simon Herv\u00e9<\/a><br><a href=\"http:\/\/noemie-keren.fr\/\">No\u00e9mie Keren<\/a><br><a href=\"http:\/\/www.reseaux-artistes.fr\/dossiers\/anne-sophie-yacono?lng=fr\">Anne Sophie Yacono<\/a><br><a href=\"http:\/\/mael-legolvan.com\/\">Mael Le Golvan<\/a><br>Nad\u00e8ge Tran<\/p>\n\n\n\n<p>MAGIE MODERNE ET POST MODERNE<br><a href=\"https:\/\/www.kaosphorus.net\/\">Kaosphorus<\/a><br><a href=\"https:\/\/www.esoblogs.net\/\">EzoOccult<\/a><br><a href=\"http:\/\/www.alohatemple.org\/\">Aloha Temple<\/a><br><a href=\"http:\/\/www.specularium.org\/\">Specularium<\/a><\/p>\n\n\n\n<p>RESSOURCES<br>Biblioth\u00e8que num\u00e9rique de la BNF : <a href=\"https:\/\/gallica.bnf.fr\/\">Gallica<\/a><br>Plateforme de recherche des biblioth\u00e8ques num\u00e9riques de l\u2019UE : <a href=\"https:\/\/www.europeana.eu\/\">Europanea<\/a><br>Instances contres les d\u00e9rives sectaires en France : <a href=\"https:\/\/www.derives-sectes.gouv.fr\/\">Miviludes<\/a> \/\/ <a href=\"https:\/\/www.ccmm.asso.fr\/\">CCMM<\/a><\/p>\n\n\n\n<p> <\/p>\n","protected":false},"excerpt":{"rendered":"<p>Ici se tiendront les recommandations du Warp. GROUPESRuo Tan : Bandcamp \/\/ FacebookCamecrude : Youtube \/\/ YoutubeSultane des infra mondes &amp; Archishaman : Bandcamp LABELS Wv Sorcerer : Bandcamp \/\/ FacebookCioran Records : Bandcamp \/\/ Facebook ARTISTESSimon Herv\u00e9No\u00e9mie KerenAnne Sophie YaconoMael Le GolvanNad\u00e8ge Tran MAGIE MODERNE ET POST MODERNEKaosphorusEzoOccultAloha TempleSpecularium RESSOURCESBiblioth\u00e8que num\u00e9rique de la BNF [&hellip;]<\/p>\n","protected":false},"author":1,"featured_media":0,"parent":0,"menu_order":0,"comment_status":"closed","ping_status":"closed","template":"","meta":{"ocean_post_layout":"full-width","ocean_both_sidebars_style":"","ocean_both_sidebars_content_width":0,"ocean_both_sidebars_sidebars_width":0,"ocean_sidebar":"0","ocean_second_sidebar":"0","ocean_disable_margins":"enable","ocean_add_body_class":"","ocean_shortcode_before_top_bar":"","ocean_shortcode_after_top_bar":"","ocean_shortcode_before_header":"","ocean_shortcode_after_header":"","ocean_has_shortcode":"","ocean_shortcode_after_title":"","ocean_shortcode_before_footer_widgets":"","ocean_shortcode_after_footer_widgets":"","ocean_shortcode_before_footer_bottom":"","ocean_shortcode_after_footer_bottom":"","ocean_display_top_bar":"default","ocean_display_header":"default","ocean_header_style":"","ocean_center_header_left_menu":"0","ocean_custom_header_template":"0","ocean_custom_logo":0,"ocean_custom_retina_logo":0,"ocean_custom_logo_max_width":0,"ocean_custom_logo_tablet_max_width":0,"ocean_custom_logo_mobile_max_width":0,"ocean_custom_logo_max_height":0,"ocean_custom_logo_tablet_max_height":0,"ocean_custom_logo_mobile_max_height":0,"ocean_header_custom_menu":"0","ocean_menu_typo_font_family":"0","ocean_menu_typo_font_subset":"","ocean_menu_typo_font_size":0,"ocean_menu_typo_font_size_tablet":0,"ocean_menu_typo_font_size_mobile":0,"ocean_menu_typo_font_size_unit":"px","ocean_menu_typo_font_weight":"","ocean_menu_typo_font_weight_tablet":"","ocean_menu_typo_font_weight_mobile":"","ocean_menu_typo_transform":"","ocean_menu_typo_transform_tablet":"","ocean_menu_typo_transform_mobile":"","ocean_menu_typo_line_height":0,"ocean_menu_typo_line_height_tablet":0,"ocean_menu_typo_line_height_mobile":0,"ocean_menu_typo_line_height_unit":"","ocean_menu_typo_spacing":0,"ocean_menu_typo_spacing_tablet":0,"ocean_menu_typo_spacing_mobile":0,"ocean_menu_typo_spacing_unit":"","ocean_menu_link_color":"","ocean_menu_link_color_hover":"","ocean_menu_link_color_active":"","ocean_menu_link_background":"","ocean_menu_link_hover_background":"","ocean_menu_link_active_background":"","ocean_menu_social_links_bg":"","ocean_menu_social_hover_links_bg":"","ocean_menu_social_links_color":"","ocean_menu_social_hover_links_color":"","ocean_disable_title":"default","ocean_disable_heading":"default","ocean_post_title":"","ocean_post_subheading":"","ocean_post_title_style":"","ocean_post_title_background_color":"","ocean_post_title_background":0,"ocean_post_title_bg_image_position":"","ocean_post_title_bg_image_attachment":"","ocean_post_title_bg_image_repeat":"","ocean_post_title_bg_image_size":"","ocean_post_title_height":0,"ocean_post_title_bg_overlay":0.5,"ocean_post_title_bg_overlay_color":"","ocean_disable_breadcrumbs":"default","ocean_breadcrumbs_color":"","ocean_breadcrumbs_separator_color":"","ocean_breadcrumbs_links_color":"","ocean_breadcrumbs_links_hover_color":"","ocean_display_footer_widgets":"default","ocean_display_footer_bottom":"default","ocean_custom_footer_template":"0"},"_links":{"self":[{"href":"https:\/\/paysdumat.org\/index.php\/wp-json\/wp\/v2\/pages\/326"}],"collection":[{"href":"https:\/\/paysdumat.org\/index.php\/wp-json\/wp\/v2\/pages"}],"about":[{"href":"https:\/\/paysdumat.org\/index.php\/wp-json\/wp\/v2\/types\/page"}],"author":[{"embeddable":true,"href":"https:\/\/paysdumat.org\/index.php\/wp-json\/wp\/v2\/users\/1"}],"replies":[{"embeddable":true,"href":"https:\/\/paysdumat.org\/index.php\/wp-json\/wp\/v2\/comments?post=326"}],"version-history":[{"count":6,"href":"https:\/\/paysdumat.org\/index.php\/wp-json\/wp\/v2\/pages\/326\/revisions"}],"predecessor-version":[{"id":439,"href":"https:\/\/paysdumat.org\/index.php\/wp-json\/wp\/v2\/pages\/326\/revisions\/439"}],"wp:attachment":[{"href":"https:\/\/paysdumat.org\/index.php\/wp-json\/wp\/v2\/media?parent=326"}],"curies":[{"name":"wp","href":"https:\/\/api.w.org\/{rel}","templated":true}]}}