{"id":293,"date":"2019-05-10T15:38:33","date_gmt":"2019-05-10T13:38:33","guid":{"rendered":"http:\/\/paysdumat.org\/?page_id=293"},"modified":"2022-01-24T19:05:36","modified_gmt":"2022-01-24T18:05:36","slug":"citoyennete","status":"publish","type":"page","link":"https:\/\/paysdumat.org\/index.php\/citoyennete\/","title":{"rendered":"Citoyennet\u00e9"},"content":{"rendered":"\t\t<div data-elementor-type=\"wp-page\" data-elementor-id=\"293\" class=\"elementor elementor-293\">\n\t\t\t\t\t\t\t\t\t<section class=\"elementor-section elementor-top-section elementor-element elementor-element-475bb990 elementor-section-boxed elementor-section-height-default elementor-section-height-default\" data-id=\"475bb990\" data-element_type=\"section\">\n\t\t\t\t\t\t<div class=\"elementor-container elementor-column-gap-default\">\n\t\t\t\t\t<div class=\"elementor-column elementor-col-100 elementor-top-column elementor-element elementor-element-3e313275\" data-id=\"3e313275\" data-element_type=\"column\">\n\t\t\t<div class=\"elementor-widget-wrap elementor-element-populated\">\n\t\t\t\t\t\t\t\t<div class=\"elementor-element elementor-element-60651a3 elementor-widget elementor-widget-text-editor\" data-id=\"60651a3\" data-element_type=\"widget\" data-widget_type=\"text-editor.default\">\n\t\t\t\t<div class=\"elementor-widget-container\">\n\t\t\t\t\t\t\t<p><!-- wp:paragraph --><\/p>\n<p>O\u00f9 l&rsquo;on apprend la proc\u00e9dure pour devenir citoyen du Mat<\/p>\n<p><!-- \/wp:paragraph --><\/p>\n<p><!-- wp:paragraph --><\/p>\n<p style=\"margin-bottom: 0cm;\">N\u2019importe quel mammif\u00e8re peut pr\u00e9tendre \u00e0<br \/>devenir citoyen du Mat, sans distinction physique, de genre, de<br \/>religion, de pratique magique, de langues ou de toute autre situation. Il est utile de pr\u00e9ciser ici qu\u2019un citoyen agissant, sur le plan non magique, dans un but autoritaire aura d\u00e9truit de lui-m\u00eame son appartenance au pays du Mat. Les demandes seront trait\u00e9es par une r\u00e9union de citoyens et soumise \u00e0 l\u2019approbation du Warp. La validation d\u2019un citoyen est act\u00e9e par un rituel d\u2019intronisation ex\u00e9cut\u00e9 par le citoyen choisit par le demandeur ou \u00e0 d\u00e9faut par n&rsquo;importe quel citoyen volontaire. Le rituel d\u2019intronisation ne requiert pas la pr\u00e9sence physique du nouveau citoyen.<\/p>\n<p><!-- \/wp:paragraph --><\/p>\n<p><!-- wp:paragraph --><\/p>\n<p>Pour toute demande, il faudra envoyer un courrier \u00e9lectronique \u00e0 l&rsquo;adresse suivante : paysdumat(at)protonmail.com<\/p>\n<p><!-- \/wp:paragraph --><\/p>\n<p><!-- wp:paragraph --><\/p>\n<p>Ce courrier devra r\u00e9pondre \u00e0 la question : \u00ab\u00a0Pourquoi ?\u00a0\u00bb (le texte sera compris entre 235 et 8888 caract\u00e8res, en de\u00e7\u00e0 et au del\u00e0, il sera incompris).<\/p>\n<p><!-- \/wp:paragraph --><\/p>\n<p><!-- wp:paragraph --><\/p>\n<p>Il sera en outre n\u00e9cessaire d&rsquo;indiquer les divers pseudonymes, blases et sobriquets qui vous conviendrons. Le r\u00e9pertoire est \u00e0 la fois celui de la tradition et de la modernit\u00e9. Nous pourrons ainsi devenir ce qui demande \u00e0 exister, m\u00eame dans la contradiction, Tautologiste inadmissible, Huissier du Styx, Ordonnateur de la discorde, Asc\u00e9tique Numismate, Vid\u00e9omancien Technophobe, Encrouilleur Mat\u00e9rialiste\u2026 Ces titres \u00e0 rallonges pourront \u00eatre amen\u00e9s, avec votre accord, \u00e0 quelques distorsions. Ils \u00e9volueront ensuite en fonction de vos implications.<\/p>\n<p><!-- \/wp:paragraph --><\/p>\n<p><!-- wp:paragraph --><\/p>\n<p>Pour finir, il est utile d&rsquo;envoyer des pr\u00e9cisions sur une ou plusieurs de vos pratiques (artistique, musicale, linguistique, magique, artisanale, militante, sportive, litt\u00e9raire, th\u00e9orique, ludique ou que sais je encore) qui selon vous peut entrer en r\u00e9sonance avec tel ou tel aspect du Pays du Mat.<\/p>\n<p><!-- \/wp:paragraph --><\/p>\n<p><!-- wp:paragraph --><\/p>\n<p>Apr\u00e8s validation, le requ\u00e9rant recevra le \u00ab\u00a0Br\u00e9viaire du Citoyen &#8211; Opus I &#8211; La Porte\u00a0\u00bb (qui contient quelques principes et rituels de base du syst\u00e8me magique du Mat) ainsi que sa carte d&rsquo;identit\u00e9. Il pourra d\u00e8s lors participer au rayonnement du Mat.<\/p>\n<p><!-- \/wp:paragraph --><\/p>\t\t\t\t\t\t<\/div>\n\t\t\t\t<\/div>\n\t\t\t\t\t<\/div>\n\t\t<\/div>\n\t\t\t\t\t\t\t<\/div>\n\t\t<\/section>\n\t\t\t\t\t\t\t<\/div>\n\t\t","protected":false},"excerpt":{"rendered":"<p>O\u00f9 l&rsquo;on apprend la proc\u00e9dure pour devenir citoyen du Mat N\u2019importe quel mammif\u00e8re peut pr\u00e9tendre \u00e0devenir citoyen du Mat, sans distinction physique, de genre, dereligion, de pratique magique, de langues ou de toute autre situation. Il est utile de pr\u00e9ciser ici qu\u2019un citoyen agissant, sur le plan non magique, dans un but autoritaire aura d\u00e9truit [&hellip;]<\/p>\n","protected":false},"author":1,"featured_media":0,"parent":0,"menu_order":0,"comment_status":"closed","ping_status":"closed","template":"","meta":{"ocean_post_layout":"full-width","ocean_both_sidebars_style":"","ocean_both_sidebars_content_width":0,"ocean_both_sidebars_sidebars_width":0,"ocean_sidebar":"0","ocean_second_sidebar":"0","ocean_disable_margins":"enable","ocean_add_body_class":"","ocean_shortcode_before_top_bar":"","ocean_shortcode_after_top_bar":"","ocean_shortcode_before_header":"","ocean_shortcode_after_header":"","ocean_has_shortcode":"","ocean_shortcode_after_title":"","ocean_shortcode_before_footer_widgets":"","ocean_shortcode_after_footer_widgets":"","ocean_shortcode_before_footer_bottom":"","ocean_shortcode_after_footer_bottom":"","ocean_display_top_bar":"default","ocean_display_header":"default","ocean_header_style":"","ocean_center_header_left_menu":"0","ocean_custom_header_template":"0","ocean_custom_logo":0,"ocean_custom_retina_logo":0,"ocean_custom_logo_max_width":0,"ocean_custom_logo_tablet_max_width":0,"ocean_custom_logo_mobile_max_width":0,"ocean_custom_logo_max_height":0,"ocean_custom_logo_tablet_max_height":0,"ocean_custom_logo_mobile_max_height":0,"ocean_header_custom_menu":"0","ocean_menu_typo_font_family":"0","ocean_menu_typo_font_subset":"","ocean_menu_typo_font_size":0,"ocean_menu_typo_font_size_tablet":0,"ocean_menu_typo_font_size_mobile":0,"ocean_menu_typo_font_size_unit":"px","ocean_menu_typo_font_weight":"","ocean_menu_typo_font_weight_tablet":"","ocean_menu_typo_font_weight_mobile":"","ocean_menu_typo_transform":"","ocean_menu_typo_transform_tablet":"","ocean_menu_typo_transform_mobile":"","ocean_menu_typo_line_height":0,"ocean_menu_typo_line_height_tablet":0,"ocean_menu_typo_line_height_mobile":0,"ocean_menu_typo_line_height_unit":"","ocean_menu_typo_spacing":0,"ocean_menu_typo_spacing_tablet":0,"ocean_menu_typo_spacing_mobile":0,"ocean_menu_typo_spacing_unit":"","ocean_menu_link_color":"","ocean_menu_link_color_hover":"","ocean_menu_link_color_active":"","ocean_menu_link_background":"","ocean_menu_link_hover_background":"","ocean_menu_link_active_background":"","ocean_menu_social_links_bg":"","ocean_menu_social_hover_links_bg":"","ocean_menu_social_links_color":"","ocean_menu_social_hover_links_color":"","ocean_disable_title":"default","ocean_disable_heading":"default","ocean_post_title":"","ocean_post_subheading":"","ocean_post_title_style":"","ocean_post_title_background_color":"","ocean_post_title_background":0,"ocean_post_title_bg_image_position":"","ocean_post_title_bg_image_attachment":"","ocean_post_title_bg_image_repeat":"","ocean_post_title_bg_image_size":"","ocean_post_title_height":0,"ocean_post_title_bg_overlay":0.5,"ocean_post_title_bg_overlay_color":"","ocean_disable_breadcrumbs":"default","ocean_breadcrumbs_color":"","ocean_breadcrumbs_separator_color":"","ocean_breadcrumbs_links_color":"","ocean_breadcrumbs_links_hover_color":"","ocean_display_footer_widgets":"default","ocean_display_footer_bottom":"default","ocean_custom_footer_template":"0"},"_links":{"self":[{"href":"https:\/\/paysdumat.org\/index.php\/wp-json\/wp\/v2\/pages\/293"}],"collection":[{"href":"https:\/\/paysdumat.org\/index.php\/wp-json\/wp\/v2\/pages"}],"about":[{"href":"https:\/\/paysdumat.org\/index.php\/wp-json\/wp\/v2\/types\/page"}],"author":[{"embeddable":true,"href":"https:\/\/paysdumat.org\/index.php\/wp-json\/wp\/v2\/users\/1"}],"replies":[{"embeddable":true,"href":"https:\/\/paysdumat.org\/index.php\/wp-json\/wp\/v2\/comments?post=293"}],"version-history":[{"count":9,"href":"https:\/\/paysdumat.org\/index.php\/wp-json\/wp\/v2\/pages\/293\/revisions"}],"predecessor-version":[{"id":428,"href":"https:\/\/paysdumat.org\/index.php\/wp-json\/wp\/v2\/pages\/293\/revisions\/428"}],"wp:attachment":[{"href":"https:\/\/paysdumat.org\/index.php\/wp-json\/wp\/v2\/media?parent=293"}],"curies":[{"name":"wp","href":"https:\/\/api.w.org\/{rel}","templated":true}]}}