{"id":19,"date":"2019-03-12T13:25:37","date_gmt":"2019-03-12T12:25:37","guid":{"rendered":"http:\/\/paysdumat.org\/?page_id=19"},"modified":"2022-01-24T18:59:22","modified_gmt":"2022-01-24T17:59:22","slug":"conduites","status":"publish","type":"page","link":"https:\/\/paysdumat.org\/index.php\/conduites\/","title":{"rendered":"Conduites"},"content":{"rendered":"\n<p class=\"has-text-align-center has-medium-font-size\"><strong>Premi\u00e8res Conduites<\/strong><\/p>\n\n\n\n<p class=\"has-text-align-center\">Les conduites font loi hors des lois<\/p>\n\n\n\n<p class=\"has-text-align-center\">Les conduites peuvent \u00eatre oubli\u00e9s<\/p>\n\n\n\n<p class=\"has-text-align-center\">Le Mat est authentique et contrefait<\/p>\n\n\n\n<p class=\"has-text-align-center\">Le Mat est un siphonophore <\/p>\n\n\n\n<p class=\"has-text-align-center\">La religion est une farce<br>Le mysticisme est une arnaque<br>La spiritualit\u00e9 est un leurre<br>La d\u00e9votion est une abdication<\/p>\n\n\n\n<p class=\"has-text-align-center\">Il faut assimiler la salamandre<br>Il est vain de parvenir<br>Seul compte l\u2019\u00e9laboration et la dissolution<br>L\u2019abandon est un affaiblissement<br>Le Warp discerne les titres<br>Le citoyen affecte la Confusion<br>Il n\u2019y a pas de secret dans les sanctuaires<br>La salade est un pr\u00e9texte \u00e0 la vinaigrette<\/p>\n\n\n\n<p class=\"has-text-align-center\">La magie est le verbe<br>La magie est efficiente<br>La magie n\u2019a pas \u00e0 \u00eatre efficiente<br>La magie doit \u00eatre produite pour exister<\/p>\n\n\n\n<p class=\"has-text-align-center\">Le Theleme est le libre arbitre<br>Le Divin est le libre arbitre<br>La Volont\u00e9 est le libre arbitre<br>Le Mana est le libre arbitre<\/p>\n\n\n\n<p class=\"has-text-align-center\">Le Serpent est le libre arbitre<br>La Monade est le libre arbitre<br>L\u2019Ether est le libre arbitre<br>Le libre arbitre est le Libre Arbitre<\/p>\n\n\n\n<p class=\"has-text-align-center\">L\u2019\u00e9nergie n\u2019est rien ou elle est d\u00e9j\u00e0 acquise<\/p>\n\n\n\n<p class=\"has-text-align-center\">Les circonvolutions sont des chemins plus long pour aller plus loin<\/p>\n\n\n\n<p class=\"has-text-align-center\">Il faut cultiver notre jardin car Laplace est libre.<\/p>\n\n\n\n<p class=\"has-text-align-center\">Troka Ran<\/p>\n","protected":false},"excerpt":{"rendered":"<p>Premi\u00e8res Conduites Les conduites font loi hors des lois Les conduites peuvent \u00eatre oubli\u00e9s Le Mat est authentique et contrefait Le Mat est un siphonophore La religion est une farceLe mysticisme est une arnaqueLa spiritualit\u00e9 est un leurreLa d\u00e9votion est une abdication Il faut assimiler la salamandreIl est vain de parvenirSeul compte l\u2019\u00e9laboration et la [&hellip;]<\/p>\n","protected":false},"author":1,"featured_media":0,"parent":0,"menu_order":0,"comment_status":"closed","ping_status":"closed","template":"","meta":{"ocean_post_layout":"full-width","ocean_both_sidebars_style":"","ocean_both_sidebars_content_width":0,"ocean_both_sidebars_sidebars_width":0,"ocean_sidebar":"0","ocean_second_sidebar":"0","ocean_disable_margins":"enable","ocean_add_body_class":"","ocean_shortcode_before_top_bar":"","ocean_shortcode_after_top_bar":"","ocean_shortcode_before_header":"","ocean_shortcode_after_header":"","ocean_has_shortcode":"","ocean_shortcode_after_title":"","ocean_shortcode_before_footer_widgets":"","ocean_shortcode_after_footer_widgets":"","ocean_shortcode_before_footer_bottom":"","ocean_shortcode_after_footer_bottom":"","ocean_display_top_bar":"default","ocean_display_header":"default","ocean_header_style":"","ocean_center_header_left_menu":"0","ocean_custom_header_template":"0","ocean_custom_logo":0,"ocean_custom_retina_logo":0,"ocean_custom_logo_max_width":0,"ocean_custom_logo_tablet_max_width":0,"ocean_custom_logo_mobile_max_width":0,"ocean_custom_logo_max_height":0,"ocean_custom_logo_tablet_max_height":0,"ocean_custom_logo_mobile_max_height":0,"ocean_header_custom_menu":"0","ocean_menu_typo_font_family":"0","ocean_menu_typo_font_subset":"","ocean_menu_typo_font_size":0,"ocean_menu_typo_font_size_tablet":0,"ocean_menu_typo_font_size_mobile":0,"ocean_menu_typo_font_size_unit":"px","ocean_menu_typo_font_weight":"","ocean_menu_typo_font_weight_tablet":"","ocean_menu_typo_font_weight_mobile":"","ocean_menu_typo_transform":"","ocean_menu_typo_transform_tablet":"","ocean_menu_typo_transform_mobile":"","ocean_menu_typo_line_height":0,"ocean_menu_typo_line_height_tablet":0,"ocean_menu_typo_line_height_mobile":0,"ocean_menu_typo_line_height_unit":"","ocean_menu_typo_spacing":0,"ocean_menu_typo_spacing_tablet":0,"ocean_menu_typo_spacing_mobile":0,"ocean_menu_typo_spacing_unit":"","ocean_menu_link_color":"","ocean_menu_link_color_hover":"","ocean_menu_link_color_active":"","ocean_menu_link_background":"","ocean_menu_link_hover_background":"","ocean_menu_link_active_background":"","ocean_menu_social_links_bg":"","ocean_menu_social_hover_links_bg":"","ocean_menu_social_links_color":"","ocean_menu_social_hover_links_color":"","ocean_disable_title":"default","ocean_disable_heading":"default","ocean_post_title":"","ocean_post_subheading":"","ocean_post_title_style":"","ocean_post_title_background_color":"","ocean_post_title_background":0,"ocean_post_title_bg_image_position":"","ocean_post_title_bg_image_attachment":"","ocean_post_title_bg_image_repeat":"","ocean_post_title_bg_image_size":"","ocean_post_title_height":0,"ocean_post_title_bg_overlay":0.5,"ocean_post_title_bg_overlay_color":"","ocean_disable_breadcrumbs":"default","ocean_breadcrumbs_color":"","ocean_breadcrumbs_separator_color":"","ocean_breadcrumbs_links_color":"","ocean_breadcrumbs_links_hover_color":"","ocean_display_footer_widgets":"default","ocean_display_footer_bottom":"default","ocean_custom_footer_template":"0"},"_links":{"self":[{"href":"https:\/\/paysdumat.org\/index.php\/wp-json\/wp\/v2\/pages\/19"}],"collection":[{"href":"https:\/\/paysdumat.org\/index.php\/wp-json\/wp\/v2\/pages"}],"about":[{"href":"https:\/\/paysdumat.org\/index.php\/wp-json\/wp\/v2\/types\/page"}],"author":[{"embeddable":true,"href":"https:\/\/paysdumat.org\/index.php\/wp-json\/wp\/v2\/users\/1"}],"replies":[{"embeddable":true,"href":"https:\/\/paysdumat.org\/index.php\/wp-json\/wp\/v2\/comments?post=19"}],"version-history":[{"count":3,"href":"https:\/\/paysdumat.org\/index.php\/wp-json\/wp\/v2\/pages\/19\/revisions"}],"predecessor-version":[{"id":424,"href":"https:\/\/paysdumat.org\/index.php\/wp-json\/wp\/v2\/pages\/19\/revisions\/424"}],"wp:attachment":[{"href":"https:\/\/paysdumat.org\/index.php\/wp-json\/wp\/v2\/media?parent=19"}],"curies":[{"name":"wp","href":"https:\/\/api.w.org\/{rel}","templated":true}]}}