{"id":17,"date":"2019-03-12T13:24:29","date_gmt":"2019-03-12T12:24:29","guid":{"rendered":"http:\/\/paysdumat.org\/?page_id=17"},"modified":"2022-01-24T13:07:01","modified_gmt":"2022-01-24T12:07:01","slug":"declaration","status":"publish","type":"page","link":"https:\/\/paysdumat.org\/index.php\/declaration\/","title":{"rendered":"D\u00e9claration"},"content":{"rendered":"\t\t<div data-elementor-type=\"wp-page\" data-elementor-id=\"17\" class=\"elementor elementor-17\">\n\t\t\t\t\t\t\t\t\t<section class=\"elementor-section elementor-top-section elementor-element elementor-element-5e01a5e2 elementor-section-boxed elementor-section-height-default elementor-section-height-default\" data-id=\"5e01a5e2\" data-element_type=\"section\">\n\t\t\t\t\t\t<div class=\"elementor-container elementor-column-gap-default\">\n\t\t\t\t\t<div class=\"elementor-column elementor-col-100 elementor-top-column elementor-element elementor-element-1cffbbc\" data-id=\"1cffbbc\" data-element_type=\"column\">\n\t\t\t<div class=\"elementor-widget-wrap elementor-element-populated\">\n\t\t\t\t\t\t\t\t<div class=\"elementor-element elementor-element-1ab8f022 elementor-widget elementor-widget-text-editor\" data-id=\"1ab8f022\" data-element_type=\"widget\" data-widget_type=\"text-editor.default\">\n\t\t\t\t<div class=\"elementor-widget-container\">\n\t\t\t\t\t\t\t<p><!-- wp:paragraph --><\/p>\n<p>Nous d\u00e9clarons l\u2019existence du pays du Mat.<\/p>\n<p><!-- \/wp:paragraph --><\/p>\n<p><!-- wp:paragraph --><\/p>\n<p>Le Pays du Mat est \u00e0 la fois une \u0153uvre, un pays, un syst\u00e8me magique visant une pratique ath\u00e9e et d\u00e9terminisme. Ces citoyens ont pour but de se projeter dans l\u2019al\u00e9a afin d\u2019en extraire une morale ou tout autre r\u00e9sultantes qu\u2019ils souhaiterons y chercher.<\/p>\n<p><!-- \/wp:paragraph --><\/p>\n<p><!-- wp:paragraph --><\/p>\n<p>\u00c0 titre d\u2019\u0153uvre de l\u2019esprit, la paternit\u00e9 du Pays du Mat revient \u00e0 son auteur, Crytarch C. Confusion.  Le sus-nomm\u00e9 d\u00e9clare que le but premier du Pays du Mat est une forme de recherche artistique, politique, linguistique et musicale sur les sujets, non exhaustifs, du d\u00e9terminisme, du rationalisme, du bien commun, de la magie et de la marche \u00e0 pieds.<\/p>\n<p><!-- \/wp:paragraph --><\/p>\n<p><!-- wp:paragraph --><\/p>\n<p>\u00c0 titre de nation, le Pays du Mat est autonome et anarchiste. La Confusion est un citoyen. La Confusion ne dispose d\u2019aucun pouvoir sur les citoyens.  Les citoyens ne disposent d\u2019aucun pouvoir sur la Confusion. Les citoyens peuvent \u00eatre des Observants, des Marcheurs du Warp, des R\u00e9dacteurs de L\u2019Obsidienne, des Chairs-Piliers ou bien tout cela \u00e0 la fois.  Ces titres sont des \u00e9tats de fait et non des distinctions de classe.<\/p>\n<p><!-- \/wp:paragraph --><\/p>\n<p><!-- wp:paragraph --><\/p>\n<p>\u00c0 titre de syst\u00e8me magique, le Pays du Mat propose une variante de la Kaos Magick, un syncr\u00e9tisme al\u00e9atoire et r\u00e9fl\u00e9chi de traditions occultes,  une langue \u00e0 vis\u00e9e ritualiste, la Troka, un ensemble de rituels d\u2019\u00e9changes, et la vision d\u2019une pratique d\u00e9terministe et ath\u00e9e de la magie.<\/p>\n<p><!-- \/wp:paragraph --><\/p>\n<p><!-- wp:paragraph --><\/p>\n<p>La seule forme politique du Pays du Mat est le Conseil des citoyens qui pourra statuer sur la validation d\u2019un nouveau concitoyen ou l\u2019exclusion d\u2019un ancien concitoyen,  ainsi que sur l\u2019apparition ou la disparition d\u2019une phrase de la Table d\u2019Obsidienne ou des Conduites. La d\u00e9rogation est probable. Chacune des multiples personnalit\u00e9s vote. Le vote est soumis \u00e0 l\u2019approbation des Pseudo-entit\u00e9es n\u00e9buleuses du Warp. Celles-ci sont n\u00e9es de leurs extr\u00eames sensibilit\u00e9s aux conditions initiales. Outre le Conseil, les citoyens peuvent se r\u00e9unir en assembl\u00e9e libre. L\u2019assembl\u00e9e libre peut prendre une forme allant d\u2019une br\u00e8ve salutation entre deux concitoyens \u00e0 un colloque global outrageusement long sur divers sujets ne menant pas \u00e0 grand choses sinon \u00e0 rien mais sur lesquels le temps n\u2019attend pas.<\/p>\n<p><!-- \/wp:paragraph --><\/p>\n<p><!-- wp:paragraph --><\/p>\n<p>Le pays du mat n\u2019a pas de surface, uniquement des points centraux. Son territoire d\u2019influence est en perp\u00e9tuelle \u00e9volution et est d\u00e9fini par le r\u00e9seau des Mats. Le pays du mat est dot\u00e9 d\u2019une constitution. Le pays du mat n\u2019a pas de loi, ses citoyens sont physiquement assujettis aux lois de leur pays de r\u00e9sidence. Le pays du mat n\u2019a pas de monnaie mais des \u00e9changes rituels de services magiques. Le pays du mat n\u2019ayant pas de fronti\u00e8re, ses citoyens n&rsquo;ont donc pas de passeport. Les citoyens disposent cependant de cartes d\u2019identit\u00e9s ainsi que de l\u2019inscription de leurs identit\u00e9s et de leur histoire magique dans le Grand Registre Archivististique de Sorcellerie.<\/p>\n<p><!-- \/wp:paragraph --><\/p>\n<p><!-- wp:paragraph --><\/p>\n<p>N\u2019importe quel mammif\u00e8re peut pr\u00e9tendre \u00e0 devenir citoyen du Mat, sans distinction physique, de genre, de religion, de pratique magique, de langues ou de toute autre situation. Il est utile de pr\u00e9ciser ici qu\u2019un citoyen agissant, sur le plan non magique, dans un but autoritaire aura d\u00e9truit de lui-m\u00eame son appartenance au pays du Mat. La validation d\u2019un citoyen est act\u00e9e par un rituel d\u2019intronisation ex\u00e9cut\u00e9 par n\u2019importe quel autre citoyen volontaire. Le rituel d\u2019intronisation ne requiert pas la pr\u00e9sence physique du nouveau citoyen.<\/p>\n<p><!-- \/wp:paragraph --><\/p>\n<p><!-- wp:paragraph --><\/p>\n<p>Les Marcheurs du Warp se plongent dans l\u2019al\u00e9a pour y recevoir les le\u00e7ons contradictoires du chaos et du d\u00e9mon de Laplace. Ils pourront alors extraire la r\u00e9sultante qu\u2019ils souhaiteront y chercher.<\/p>\n<p><!-- \/wp:paragraph --><\/p>\n<p><!-- wp:paragraph --><\/p>\n<p>Les R\u00e9dacteurs de l\u2019obsidienne ont \u00e0 charge de parvenir \u00e0 la table parfaite et r\u00e9diger le bulletin officiel du Mat, \u00ab La Nouvelle Obsidienne \u00bb. Les Observants soutiennent le Mat. L\u2019usage des langages et rituels entra\u00eene n\u00e9cessairement des changements physiques quelle que soit leur validit\u00e9. Les citoyens pourront cr\u00e9er les formes de l\u2019incertitude sans qu\u2019aucun autre mage ne puisse agir contre.<\/p>\n<p><!-- \/wp:paragraph --><\/p>\n<p><!-- wp:paragraph --><\/p>\n<p>Le Mat est une ancre dans le Chaos.<\/p>\n<p><!-- \/wp:paragraph --><\/p>\n<p><!-- wp:paragraph --><\/p>\n<p>Le Chaos est vivant.<\/p>\n<p><!-- \/wp:paragraph --><\/p>\t\t\t\t\t\t<\/div>\n\t\t\t\t<\/div>\n\t\t\t\t\t<\/div>\n\t\t<\/div>\n\t\t\t\t\t\t\t<\/div>\n\t\t<\/section>\n\t\t\t\t\t\t\t<\/div>\n\t\t","protected":false},"excerpt":{"rendered":"<p>Nous d\u00e9clarons l\u2019existence du pays du Mat. Le Pays du Mat est \u00e0 la fois une \u0153uvre, un pays, un syst\u00e8me magique visant une pratique ath\u00e9e et d\u00e9terminisme. Ces citoyens ont pour but de se projeter dans l\u2019al\u00e9a afin d\u2019en extraire une morale ou tout autre r\u00e9sultantes qu\u2019ils souhaiterons y chercher. \u00c0 titre d\u2019\u0153uvre de [&hellip;]<\/p>\n","protected":false},"author":1,"featured_media":0,"parent":0,"menu_order":0,"comment_status":"closed","ping_status":"closed","template":"","meta":{"ocean_post_layout":"full-width","ocean_both_sidebars_style":"","ocean_both_sidebars_content_width":0,"ocean_both_sidebars_sidebars_width":0,"ocean_sidebar":"0","ocean_second_sidebar":"0","ocean_disable_margins":"enable","ocean_add_body_class":"","ocean_shortcode_before_top_bar":"","ocean_shortcode_after_top_bar":"","ocean_shortcode_before_header":"","ocean_shortcode_after_header":"","ocean_has_shortcode":"","ocean_shortcode_after_title":"","ocean_shortcode_before_footer_widgets":"","ocean_shortcode_after_footer_widgets":"","ocean_shortcode_before_footer_bottom":"","ocean_shortcode_after_footer_bottom":"","ocean_display_top_bar":"default","ocean_display_header":"default","ocean_header_style":"","ocean_center_header_left_menu":"0","ocean_custom_header_template":"0","ocean_custom_logo":0,"ocean_custom_retina_logo":0,"ocean_custom_logo_max_width":0,"ocean_custom_logo_tablet_max_width":0,"ocean_custom_logo_mobile_max_width":0,"ocean_custom_logo_max_height":0,"ocean_custom_logo_tablet_max_height":0,"ocean_custom_logo_mobile_max_height":0,"ocean_header_custom_menu":"0","ocean_menu_typo_font_family":"0","ocean_menu_typo_font_subset":"","ocean_menu_typo_font_size":0,"ocean_menu_typo_font_size_tablet":0,"ocean_menu_typo_font_size_mobile":0,"ocean_menu_typo_font_size_unit":"px","ocean_menu_typo_font_weight":"","ocean_menu_typo_font_weight_tablet":"","ocean_menu_typo_font_weight_mobile":"","ocean_menu_typo_transform":"","ocean_menu_typo_transform_tablet":"","ocean_menu_typo_transform_mobile":"","ocean_menu_typo_line_height":0,"ocean_menu_typo_line_height_tablet":0,"ocean_menu_typo_line_height_mobile":0,"ocean_menu_typo_line_height_unit":"","ocean_menu_typo_spacing":0,"ocean_menu_typo_spacing_tablet":0,"ocean_menu_typo_spacing_mobile":0,"ocean_menu_typo_spacing_unit":"","ocean_menu_link_color":"","ocean_menu_link_color_hover":"","ocean_menu_link_color_active":"","ocean_menu_link_background":"","ocean_menu_link_hover_background":"","ocean_menu_link_active_background":"","ocean_menu_social_links_bg":"","ocean_menu_social_hover_links_bg":"","ocean_menu_social_links_color":"","ocean_menu_social_hover_links_color":"","ocean_disable_title":"default","ocean_disable_heading":"default","ocean_post_title":"","ocean_post_subheading":"","ocean_post_title_style":"","ocean_post_title_background_color":"","ocean_post_title_background":0,"ocean_post_title_bg_image_position":"","ocean_post_title_bg_image_attachment":"","ocean_post_title_bg_image_repeat":"","ocean_post_title_bg_image_size":"","ocean_post_title_height":0,"ocean_post_title_bg_overlay":0.5,"ocean_post_title_bg_overlay_color":"","ocean_disable_breadcrumbs":"default","ocean_breadcrumbs_color":"","ocean_breadcrumbs_separator_color":"","ocean_breadcrumbs_links_color":"","ocean_breadcrumbs_links_hover_color":"","ocean_display_footer_widgets":"default","ocean_display_footer_bottom":"default","ocean_custom_footer_template":"0"},"_links":{"self":[{"href":"https:\/\/paysdumat.org\/index.php\/wp-json\/wp\/v2\/pages\/17"}],"collection":[{"href":"https:\/\/paysdumat.org\/index.php\/wp-json\/wp\/v2\/pages"}],"about":[{"href":"https:\/\/paysdumat.org\/index.php\/wp-json\/wp\/v2\/types\/page"}],"author":[{"embeddable":true,"href":"https:\/\/paysdumat.org\/index.php\/wp-json\/wp\/v2\/users\/1"}],"replies":[{"embeddable":true,"href":"https:\/\/paysdumat.org\/index.php\/wp-json\/wp\/v2\/comments?post=17"}],"version-history":[{"count":16,"href":"https:\/\/paysdumat.org\/index.php\/wp-json\/wp\/v2\/pages\/17\/revisions"}],"predecessor-version":[{"id":421,"href":"https:\/\/paysdumat.org\/index.php\/wp-json\/wp\/v2\/pages\/17\/revisions\/421"}],"wp:attachment":[{"href":"https:\/\/paysdumat.org\/index.php\/wp-json\/wp\/v2\/media?parent=17"}],"curies":[{"name":"wp","href":"https:\/\/api.w.org\/{rel}","templated":true}]}}