{"id":112,"date":"2019-05-07T16:08:41","date_gmt":"2019-05-07T14:08:41","guid":{"rendered":"http:\/\/paysdumat.org\/?page_id=112"},"modified":"2023-05-26T15:15:14","modified_gmt":"2023-05-26T13:15:14","slug":"musique","status":"publish","type":"page","link":"https:\/\/paysdumat.org\/index.php\/musique\/","title":{"rendered":"Musique"},"content":{"rendered":"\n<div class=\"wp-block-group is-layout-flow\"><div class=\"wp-block-group__inner-container\">\n<div class=\"wp-block-columns is-layout-flex wp-container-3\">\n<div class=\"wp-block-column is-layout-flow\" style=\"flex-basis:100%\">\n<div class=\"wp-block-group alignwide is-layout-flow\"><div class=\"wp-block-group__inner-container\">\n<div class=\"wp-block-media-text alignwide is-stacked-on-mobile\"><figure class=\"wp-block-media-text__media\"><img decoding=\"async\" loading=\"lazy\" width=\"1024\" height=\"680\" src=\"https:\/\/paysdumat.org\/wp-content\/uploads\/2022\/01\/paysdumat-fannie-nor-3-1024x680.jpg\" alt=\"\" class=\"wp-image-373 size-full\" srcset=\"https:\/\/paysdumat.org\/wp-content\/uploads\/2022\/01\/paysdumat-fannie-nor-3-1024x680.jpg 1024w, https:\/\/paysdumat.org\/wp-content\/uploads\/2022\/01\/paysdumat-fannie-nor-3-300x199.jpg 300w, https:\/\/paysdumat.org\/wp-content\/uploads\/2022\/01\/paysdumat-fannie-nor-3-768x510.jpg 768w, https:\/\/paysdumat.org\/wp-content\/uploads\/2022\/01\/paysdumat-fannie-nor-3-1536x1020.jpg 1536w, https:\/\/paysdumat.org\/wp-content\/uploads\/2022\/01\/paysdumat-fannie-nor-3.jpg 1608w\" sizes=\"(max-width: 1024px) 100vw, 1024px\" \/><\/figure><div class=\"wp-block-media-text__content\">\n<p class=\"has-medium-font-size\"><strong>Orchestre (A)national du Pays du Mat<\/strong><\/p>\n\n\n\n<p class=\"has-normal-font-size\">L&rsquo;orchestre (a)national du Pays du Mat est la concr\u00e9tion de collages sonores s\u00e9ditieux, de l&rsquo;abstruse r\u00e9sonance des tambours et de fulminantes d\u00e9clamations. Une rampante industrie, l&rsquo;avulsion d&rsquo;une protohistoire, un aust\u00e8re d\u00e9pouillement, un rituel crust. Le mat est une ancre dans le chaos. Le Chaos est vivant. <\/p>\n\n\n\n<p> <a href=\"https:\/\/paysdumat.bandcamp.com\/\">Bandcamp <\/a>\/\/ <a href=\"https:\/\/www.facebook.com\/paysdumat\/\">Facebook<\/a> \/\/ <a rel=\"noreferrer noopener\" href=\"https:\/\/www.youtube.com\/@pays_du_mat\" target=\"_blank\">You<\/a><a href=\"https:\/\/www.youtube.com\/@pays_du_mat\" target=\"_blank\" rel=\"noreferrer noopener\">T<\/a><a rel=\"noreferrer noopener\" href=\"https:\/\/www.youtube.com\/@pays_du_mat\" target=\"_blank\">ube<\/a>  <\/p>\n\n\n\n<p class=\"has-small-font-size\"> Photographie par <a href=\"http:\/\/instagram.com\/fannienor.art\/\">Fannie Nor<\/a> <\/p>\n<\/div><\/div>\n<\/div><\/div>\n<\/div>\n<\/div>\n<\/div><\/div>\n\n\n\n<div class=\"wp-block-columns is-layout-flex wp-container-7\">\n<div class=\"wp-block-column is-layout-flow\" style=\"flex-basis:100%\">\n<div class=\"wp-block-group alignwide is-layout-flow\"><div class=\"wp-block-group__inner-container\">\n<div class=\"wp-block-media-text alignwide is-stacked-on-mobile\"><figure class=\"wp-block-media-text__media\"><img decoding=\"async\" loading=\"lazy\" width=\"1024\" height=\"679\" src=\"https:\/\/paysdumat.org\/wp-content\/uploads\/2022\/01\/dorminn-1024x679.jpg\" alt=\"\" class=\"wp-image-374 size-full\" srcset=\"https:\/\/paysdumat.org\/wp-content\/uploads\/2022\/01\/dorminn-1024x679.jpg 1024w, https:\/\/paysdumat.org\/wp-content\/uploads\/2022\/01\/dorminn-300x199.jpg 300w, https:\/\/paysdumat.org\/wp-content\/uploads\/2022\/01\/dorminn-768x509.jpg 768w, https:\/\/paysdumat.org\/wp-content\/uploads\/2022\/01\/dorminn-1536x1018.jpg 1536w, https:\/\/paysdumat.org\/wp-content\/uploads\/2022\/01\/dorminn.jpg 1943w\" sizes=\"(max-width: 1024px) 100vw, 1024px\" \/><\/figure><div class=\"wp-block-media-text__content\">\n<p class=\"has-medium-font-size\"><strong>Dorminn<\/strong><\/p>\n\n\n\n<p>Projet solo de Neo-folk ambiant shamanique. Ses rythmes incessants vous feront traverser les continents et peut \u00eatre y rencontrer quelques dieux. Il joue en live avec sa p\u00e9dale de loop et une myriade d&rsquo;instruments venus des quatre coins du monde.<\/p>\n\n\n\n<p> <a href=\"https:\/\/www.facebook.com\/dorminn.shaman\/\">Facebook<\/a> \/\/ <\/p>\n\n\n\n<p class=\"has-small-font-size\">Photographie par <a href=\"http:\/\/instagram.com\/fannienor.art\/\">Fannie Nor<\/a><\/p>\n<\/div><\/div>\n<\/div><\/div>\n<\/div>\n<\/div>\n\n\n\n<div class=\"wp-block-columns is-layout-flex wp-container-10\">\n<div class=\"wp-block-column is-layout-flow\" style=\"flex-basis:100%\">\n<div class=\"wp-block-group alignwide is-layout-flow\"><div class=\"wp-block-group__inner-container\">\n<div class=\"wp-block-media-text alignwide is-stacked-on-mobile is-vertically-aligned-top\"><figure class=\"wp-block-media-text__media\"><img decoding=\"async\" loading=\"lazy\" width=\"1024\" height=\"679\" src=\"https:\/\/paysdumat.org\/wp-content\/uploads\/2022\/03\/ruotan-1024x679.jpg\" alt=\"\" class=\"wp-image-435 size-full\" srcset=\"https:\/\/paysdumat.org\/wp-content\/uploads\/2022\/03\/ruotan-1024x679.jpg 1024w, https:\/\/paysdumat.org\/wp-content\/uploads\/2022\/03\/ruotan-300x199.jpg 300w, https:\/\/paysdumat.org\/wp-content\/uploads\/2022\/03\/ruotan-768x509.jpg 768w, https:\/\/paysdumat.org\/wp-content\/uploads\/2022\/03\/ruotan-1536x1018.jpg 1536w, https:\/\/paysdumat.org\/wp-content\/uploads\/2022\/03\/ruotan.jpg 1943w\" sizes=\"(max-width: 1024px) 100vw, 1024px\" \/><\/figure><div class=\"wp-block-media-text__content\">\n<p class=\"has-medium-font-size\"><strong>Ru\u00f2 T\u00e1n<\/strong><\/p>\n\n\n\n<p>N\u00e9 \u00e0 Nanjing en China vivant en France, Ru\u00f2 T\u00e1n aborde diff\u00e9rentes formes musicales : noise, ambient, drone, black metal, field recording, tribal, ritual, etc. Profond\u00e9ment enracin\u00e9 dans les traditions asiatiques<br>des c\u00e9r\u00e9monies musicales shamaniques, il d\u00e9veloppe sa propre voie sonore par l&rsquo;utilisation d&rsquo;harmonies vocales, de synth\u00e9tiseurs drone et d&rsquo;une palette d&rsquo; instruments acoustiques (cloches, flute, guimbarde, percussions et tambours shamaniques&#8230;). Son travail refl\u00e8te les anciens esprits de la nature primale hybrid\u00e9 aux formes musicales post-industrielles.<\/p>\n\n\n\n<p><a href=\"https:\/\/ruotan.bandcamp.com\/\">Bandcamp<\/a> \/\/  <a href=\"https:\/\/www.facebook.com\/ruo.tan\/\">Facebook<\/a><\/p>\n\n\n\n<p class=\"has-small-font-size\">Photographie par <a href=\"https:\/\/www.facebook.com\/jsjphotographie\">Jeanne Saint Julien<\/a><\/p>\n<\/div><\/div>\n<\/div><\/div>\n<\/div>\n<\/div>\n\n\n\n<p><\/p>\n","protected":false},"excerpt":{"rendered":"<p>Orchestre (A)national du Pays du Mat L&rsquo;orchestre (a)national du Pays du Mat est la concr\u00e9tion de collages sonores s\u00e9ditieux, de l&rsquo;abstruse r\u00e9sonance des tambours et de fulminantes d\u00e9clamations. Une rampante industrie, l&rsquo;avulsion d&rsquo;une protohistoire, un aust\u00e8re d\u00e9pouillement, un rituel crust. Le mat est une ancre dans le chaos. Le Chaos est vivant. Bandcamp \/\/ Facebook [&hellip;]<\/p>\n","protected":false},"author":1,"featured_media":0,"parent":0,"menu_order":0,"comment_status":"closed","ping_status":"closed","template":"","meta":{"ocean_post_layout":"full-width","ocean_both_sidebars_style":"","ocean_both_sidebars_content_width":0,"ocean_both_sidebars_sidebars_width":0,"ocean_sidebar":"0","ocean_second_sidebar":"0","ocean_disable_margins":"enable","ocean_add_body_class":"","ocean_shortcode_before_top_bar":"","ocean_shortcode_after_top_bar":"","ocean_shortcode_before_header":"","ocean_shortcode_after_header":"","ocean_has_shortcode":"","ocean_shortcode_after_title":"","ocean_shortcode_before_footer_widgets":"","ocean_shortcode_after_footer_widgets":"","ocean_shortcode_before_footer_bottom":"","ocean_shortcode_after_footer_bottom":"","ocean_display_top_bar":"default","ocean_display_header":"default","ocean_header_style":"","ocean_center_header_left_menu":"0","ocean_custom_header_template":"0","ocean_custom_logo":0,"ocean_custom_retina_logo":0,"ocean_custom_logo_max_width":0,"ocean_custom_logo_tablet_max_width":0,"ocean_custom_logo_mobile_max_width":0,"ocean_custom_logo_max_height":0,"ocean_custom_logo_tablet_max_height":0,"ocean_custom_logo_mobile_max_height":0,"ocean_header_custom_menu":"0","ocean_menu_typo_font_family":"0","ocean_menu_typo_font_subset":"","ocean_menu_typo_font_size":0,"ocean_menu_typo_font_size_tablet":0,"ocean_menu_typo_font_size_mobile":0,"ocean_menu_typo_font_size_unit":"px","ocean_menu_typo_font_weight":"","ocean_menu_typo_font_weight_tablet":"","ocean_menu_typo_font_weight_mobile":"","ocean_menu_typo_transform":"","ocean_menu_typo_transform_tablet":"","ocean_menu_typo_transform_mobile":"","ocean_menu_typo_line_height":0,"ocean_menu_typo_line_height_tablet":0,"ocean_menu_typo_line_height_mobile":0,"ocean_menu_typo_line_height_unit":"","ocean_menu_typo_spacing":0,"ocean_menu_typo_spacing_tablet":0,"ocean_menu_typo_spacing_mobile":0,"ocean_menu_typo_spacing_unit":"","ocean_menu_link_color":"","ocean_menu_link_color_hover":"","ocean_menu_link_color_active":"","ocean_menu_link_background":"","ocean_menu_link_hover_background":"","ocean_menu_link_active_background":"","ocean_menu_social_links_bg":"","ocean_menu_social_hover_links_bg":"","ocean_menu_social_links_color":"","ocean_menu_social_hover_links_color":"","ocean_disable_title":"default","ocean_disable_heading":"default","ocean_post_title":"","ocean_post_subheading":"","ocean_post_title_style":"","ocean_post_title_background_color":"","ocean_post_title_background":0,"ocean_post_title_bg_image_position":"","ocean_post_title_bg_image_attachment":"","ocean_post_title_bg_image_repeat":"","ocean_post_title_bg_image_size":"","ocean_post_title_height":0,"ocean_post_title_bg_overlay":0.5,"ocean_post_title_bg_overlay_color":"","ocean_disable_breadcrumbs":"default","ocean_breadcrumbs_color":"","ocean_breadcrumbs_separator_color":"","ocean_breadcrumbs_links_color":"","ocean_breadcrumbs_links_hover_color":"","ocean_display_footer_widgets":"default","ocean_display_footer_bottom":"default","ocean_custom_footer_template":"0"},"_links":{"self":[{"href":"https:\/\/paysdumat.org\/index.php\/wp-json\/wp\/v2\/pages\/112"}],"collection":[{"href":"https:\/\/paysdumat.org\/index.php\/wp-json\/wp\/v2\/pages"}],"about":[{"href":"https:\/\/paysdumat.org\/index.php\/wp-json\/wp\/v2\/types\/page"}],"author":[{"embeddable":true,"href":"https:\/\/paysdumat.org\/index.php\/wp-json\/wp\/v2\/users\/1"}],"replies":[{"embeddable":true,"href":"https:\/\/paysdumat.org\/index.php\/wp-json\/wp\/v2\/comments?post=112"}],"version-history":[{"count":15,"href":"https:\/\/paysdumat.org\/index.php\/wp-json\/wp\/v2\/pages\/112\/revisions"}],"predecessor-version":[{"id":441,"href":"https:\/\/paysdumat.org\/index.php\/wp-json\/wp\/v2\/pages\/112\/revisions\/441"}],"wp:attachment":[{"href":"https:\/\/paysdumat.org\/index.php\/wp-json\/wp\/v2\/media?parent=112"}],"curies":[{"name":"wp","href":"https:\/\/api.w.org\/{rel}","templated":true}]}}