{"id":110,"date":"2019-05-07T16:08:21","date_gmt":"2019-05-07T14:08:21","guid":{"rendered":"http:\/\/paysdumat.org\/?page_id=110"},"modified":"2019-06-16T13:51:36","modified_gmt":"2019-06-16T11:51:36","slug":"creation","status":"publish","type":"page","link":"https:\/\/paysdumat.org\/index.php\/creation\/","title":{"rendered":"Cr\u00e9ations"},"content":{"rendered":"\n<p>\u00ab&nbsp;En sorcellerie, l\u2019acte, c\u2019est le verbe&nbsp;\u00bb<br> Jeanne Favret-Saada<\/p>\n\n\n\n<p>Le chapitre \u00ab&nbsp;cr\u00e9ations&nbsp;\u00bb recense toutes les \u0153uvres et les auteurs qui on collabor\u00e9s ou qui sont recommand\u00e9s par le pays du Mat .<\/p>\n\n\n\n<p><a href=\"http:\/\/paysdumat.org\/index.php\/mats\/\">Mats<\/a> : Galerie des constructions et des Mats<br><a href=\"http:\/\/paysdumat.org\/index.php\/art\/\">Art plastiques<\/a> : Artiste ayant r\u00e9alis\u00e9s des \u0153uvres en lien avec le pays du Mat ou lors d\u2019un \u00e9v\u00e9nement du pays du Mat<br><a href=\"http:\/\/paysdumat.org\/index.php\/musique\/\">Musique<\/a> : Projets musicaux li\u00e9s au pays du Mat<br><a href=\"http:\/\/paysdumat.org\/index.php\/objets-rituels\/\">Objets Rituels<\/a> : Galerie des Sculptures, Dagydes et autres objets rev\u00eatant un caract\u00e8re magique.<br><a href=\"http:\/\/paysdumat.org\/index.php\/affinites\/\">Affinit\u00e9s<\/a> : Liens vers des artistes, groupes, labels et sites th\u00e9oriques auxquels le Warp vous conseille de jeter un \u0153il ou de pr\u00eater une oreille<br><a href=\"http:\/\/paysdumat.org\/index.php\/bibliotheque\/\">Biblioth\u00e8que<\/a> : Suggestions de lectures pour aller plus avant dans le foisonnement th\u00e9matique du Mat.<\/p>\n\n\n\n<p>L\u2019art et la magie sont des formes de communications entre le sujet et l\u2019objet. Les deux domaines poss\u00e8dent de larges similitudes, factuellement et th\u00e9oriquement. L\u2019herm\u00e9tisme tout d\u2019abord, qui n\u00e9cessite d\u2019acc\u00e9der \u00e0 &#8211; et d\u2019acqu\u00e9rir une &#8211; culture. Un langage sp\u00e9cialis\u00e9 et des appels \u00e0 la puissance des textes plut\u00f4t qu&rsquo;\u00e0 leurs logiques. Un caract\u00e8re auto-centr\u00e9, une part cons\u00e9quente des acteurs sont des spectateurs et inversement. La cr\u00e9ation de syst\u00e8mes symboliques et de correspondances po\u00e9tiques. La relative corruption du milieu par l\u2019argent.  Les confrontations et les rapprochements avec les traditions ou les courants artistiques pass\u00e9s.  Les jeux avec la mati\u00e8re et l\u2019oubli fr\u00e9quent de la finalit\u00e9.<\/p>\n","protected":false},"excerpt":{"rendered":"<p>\u00ab&nbsp;En sorcellerie, l\u2019acte, c\u2019est le verbe&nbsp;\u00bb Jeanne Favret-Saada Le chapitre \u00ab&nbsp;cr\u00e9ations&nbsp;\u00bb recense toutes les \u0153uvres et les auteurs qui on collabor\u00e9s ou qui sont recommand\u00e9s par le pays du Mat . Mats : Galerie des constructions et des MatsArt plastiques : Artiste ayant r\u00e9alis\u00e9s des \u0153uvres en lien avec le pays du Mat ou lors [&hellip;]<\/p>\n","protected":false},"author":1,"featured_media":0,"parent":0,"menu_order":0,"comment_status":"closed","ping_status":"closed","template":"","meta":{"ocean_post_layout":"full-width","ocean_both_sidebars_style":"","ocean_both_sidebars_content_width":0,"ocean_both_sidebars_sidebars_width":0,"ocean_sidebar":"0","ocean_second_sidebar":"0","ocean_disable_margins":"enable","ocean_add_body_class":"","ocean_shortcode_before_top_bar":"","ocean_shortcode_after_top_bar":"","ocean_shortcode_before_header":"","ocean_shortcode_after_header":"","ocean_has_shortcode":"","ocean_shortcode_after_title":"","ocean_shortcode_before_footer_widgets":"","ocean_shortcode_after_footer_widgets":"","ocean_shortcode_before_footer_bottom":"","ocean_shortcode_after_footer_bottom":"","ocean_display_top_bar":"default","ocean_display_header":"default","ocean_header_style":"","ocean_center_header_left_menu":"0","ocean_custom_header_template":"0","ocean_custom_logo":0,"ocean_custom_retina_logo":0,"ocean_custom_logo_max_width":0,"ocean_custom_logo_tablet_max_width":0,"ocean_custom_logo_mobile_max_width":0,"ocean_custom_logo_max_height":0,"ocean_custom_logo_tablet_max_height":0,"ocean_custom_logo_mobile_max_height":0,"ocean_header_custom_menu":"0","ocean_menu_typo_font_family":"0","ocean_menu_typo_font_subset":"","ocean_menu_typo_font_size":0,"ocean_menu_typo_font_size_tablet":0,"ocean_menu_typo_font_size_mobile":0,"ocean_menu_typo_font_size_unit":"px","ocean_menu_typo_font_weight":"","ocean_menu_typo_font_weight_tablet":"","ocean_menu_typo_font_weight_mobile":"","ocean_menu_typo_transform":"","ocean_menu_typo_transform_tablet":"","ocean_menu_typo_transform_mobile":"","ocean_menu_typo_line_height":0,"ocean_menu_typo_line_height_tablet":0,"ocean_menu_typo_line_height_mobile":0,"ocean_menu_typo_line_height_unit":"","ocean_menu_typo_spacing":0,"ocean_menu_typo_spacing_tablet":0,"ocean_menu_typo_spacing_mobile":0,"ocean_menu_typo_spacing_unit":"","ocean_menu_link_color":"","ocean_menu_link_color_hover":"","ocean_menu_link_color_active":"","ocean_menu_link_background":"","ocean_menu_link_hover_background":"","ocean_menu_link_active_background":"","ocean_menu_social_links_bg":"","ocean_menu_social_hover_links_bg":"","ocean_menu_social_links_color":"","ocean_menu_social_hover_links_color":"","ocean_disable_title":"default","ocean_disable_heading":"default","ocean_post_title":"","ocean_post_subheading":"","ocean_post_title_style":"","ocean_post_title_background_color":"","ocean_post_title_background":0,"ocean_post_title_bg_image_position":"","ocean_post_title_bg_image_attachment":"","ocean_post_title_bg_image_repeat":"","ocean_post_title_bg_image_size":"","ocean_post_title_height":0,"ocean_post_title_bg_overlay":0.5,"ocean_post_title_bg_overlay_color":"","ocean_disable_breadcrumbs":"default","ocean_breadcrumbs_color":"","ocean_breadcrumbs_separator_color":"","ocean_breadcrumbs_links_color":"","ocean_breadcrumbs_links_hover_color":"","ocean_display_footer_widgets":"default","ocean_display_footer_bottom":"default","ocean_custom_footer_template":"0"},"_links":{"self":[{"href":"https:\/\/paysdumat.org\/index.php\/wp-json\/wp\/v2\/pages\/110"}],"collection":[{"href":"https:\/\/paysdumat.org\/index.php\/wp-json\/wp\/v2\/pages"}],"about":[{"href":"https:\/\/paysdumat.org\/index.php\/wp-json\/wp\/v2\/types\/page"}],"author":[{"embeddable":true,"href":"https:\/\/paysdumat.org\/index.php\/wp-json\/wp\/v2\/users\/1"}],"replies":[{"embeddable":true,"href":"https:\/\/paysdumat.org\/index.php\/wp-json\/wp\/v2\/comments?post=110"}],"version-history":[{"count":6,"href":"https:\/\/paysdumat.org\/index.php\/wp-json\/wp\/v2\/pages\/110\/revisions"}],"predecessor-version":[{"id":332,"href":"https:\/\/paysdumat.org\/index.php\/wp-json\/wp\/v2\/pages\/110\/revisions\/332"}],"wp:attachment":[{"href":"https:\/\/paysdumat.org\/index.php\/wp-json\/wp\/v2\/media?parent=110"}],"curies":[{"name":"wp","href":"https:\/\/api.w.org\/{rel}","templated":true}]}}